{"id":9722,"date":"2021-06-17T14:31:20","date_gmt":"2021-06-17T12:31:20","guid":{"rendered":"https:\/\/www.lerins-boat.fr\/contact\/validation\/"},"modified":"2021-06-17T14:31:20","modified_gmt":"2021-06-17T12:31:20","slug":"validation","status":"publish","type":"page","link":"https:\/\/www.lerins-boat.fr\/en\/contact\/validation\/","title":{"rendered":"Validation"},"content":{"rendered":"\t\t<div data-elementor-type=\"wp-page\" data-elementor-id=\"9722\" class=\"elementor elementor-9722 elementor-9275\">\n\t\t\t\t\t\t<section class=\"elementor-section elementor-top-section elementor-element elementor-element-4bf67791 elementor-section-boxed elementor-section-height-default elementor-section-height-default\" data-id=\"4bf67791\" data-element_type=\"section\" data-e-type=\"section\">\n\t\t\t\t\t\t<div class=\"elementor-container elementor-column-gap-default\">\n\t\t\t\t\t<div class=\"elementor-column elementor-col-100 elementor-top-column elementor-element elementor-element-2eefcf69\" data-id=\"2eefcf69\" data-element_type=\"column\" data-e-type=\"column\">\n\t\t\t<div class=\"elementor-widget-wrap elementor-element-populated\">\n\t\t\t\t\t\t<div class=\"elementor-element elementor-element-4e083dc7 elementor-widget elementor-widget-text-editor\" data-id=\"4e083dc7\" data-element_type=\"widget\" data-e-type=\"widget\" data-widget_type=\"text-editor.default\">\n\t\t\t\t<div class=\"elementor-widget-container\">\n\t\t\t\t\t\t\t\t\t<h2>Validation de votre demande<\/h2>\n<p>Nous vous remercions pour votre demande d&#8217;information<span>\u00a0<\/span>et pour l\u2019int\u00e9r\u00eat que vous portez pour nos bateaux. Un membre de notre \u00e9quipe vous r\u00e9pondra dans les meilleurs d\u00e9lais.<\/p>\n\t\t\t\t\t\t\t\t<\/div>\n\t\t\t\t<\/div>\n\t\t\t\t\t<\/div>\n\t\t<\/div>\n\t\t\t\t\t<\/div>\n\t\t<\/section>\n\t\t\t\t<section class=\"elementor-section elementor-top-section elementor-element elementor-element-22a14c1 elementor-section-boxed elementor-section-height-default elementor-section-height-default\" data-id=\"22a14c1\" data-element_type=\"section\" data-e-type=\"section\">\n\t\t\t\t\t\t<div class=\"elementor-container elementor-column-gap-default\">\n\t\t\t\t\t<div class=\"elementor-column elementor-col-100 elementor-top-column elementor-element elementor-element-d806b0d\" data-id=\"d806b0d\" data-element_type=\"column\" data-e-type=\"column\">\n\t\t\t<div class=\"elementor-widget-wrap elementor-element-populated\">\n\t\t\t\t\t\t<div class=\"gt3-core-button--alignment_center elementor-element elementor-element-7e8b6b0 elementor-widget elementor-widget-gt3-core-button\" data-id=\"7e8b6b0\" data-element_type=\"widget\" data-e-type=\"widget\" data-widget_type=\"gt3-core-button.default\">\n\t\t\t\t<div class=\"elementor-widget-container\">\n\t\t\t\t\t\t<div class=\"gt3_module_button_elementor size_large alignment_center button_icon_icon hover_none \">\r\n\t\t<a class=\"button_size_elementor_large alignment_center border_icon_icon hover_none btn_icon_position_right\" href=\"https:\/\/www.lerins-boat.fr\/\">\r\n\t\t\t\t<span class=\"gt3_module_button__container\">\r\n\t\t\t\t\t\t\t\t\t\t\t<span class=\"gt3_module_button__cover front\"><span class=\"elementor_gt3_btn_text\">Retour Accueil<\/span><span class=\"elementor_btn_icon_container\"><span class=\"elementor_gt3_btn_icon fa fa-home\"><\/span><\/span><\/span>\r\n\t\t\t\t\t\t\t\t\t\t\t\t\t\t\t<\/span>\r\n\t\t<\/a>\r\n\t<\/div>\r\n\r\n<script type=\"application\/json\" id=\"settings--7e8b6b0\">[]<\/script>\t\t\t\t<\/div>\n\t\t\t\t<\/div>\n\t\t\t\t\t<\/div>\n\t\t<\/div>\n\t\t\t\t\t<\/div>\n\t\t<\/section>\n\t\t\t\t<\/div>\n\t\t","protected":false},"excerpt":{"rendered":"<p>Validation de votre demande Nous vous remercions pour votre demande d&#8217;information\u00a0et pour l\u2019int\u00e9r\u00eat que vous portez pour nos bateaux. Un membre de notre \u00e9quipe vous r\u00e9pondra dans les meilleurs d\u00e9lais. Retour Accueil<\/p>\n","protected":false},"author":1,"featured_media":0,"parent":9711,"menu_order":0,"comment_status":"closed","ping_status":"closed","template":"","meta":{"footnotes":""},"class_list":["post-9722","page","type-page","status-publish","hentry"],"_links":{"self":[{"href":"https:\/\/www.lerins-boat.fr\/en\/wp-json\/wp\/v2\/pages\/9722","targetHints":{"allow":["GET"]}}],"collection":[{"href":"https:\/\/www.lerins-boat.fr\/en\/wp-json\/wp\/v2\/pages"}],"about":[{"href":"https:\/\/www.lerins-boat.fr\/en\/wp-json\/wp\/v2\/types\/page"}],"author":[{"embeddable":true,"href":"https:\/\/www.lerins-boat.fr\/en\/wp-json\/wp\/v2\/users\/1"}],"replies":[{"embeddable":true,"href":"https:\/\/www.lerins-boat.fr\/en\/wp-json\/wp\/v2\/comments?post=9722"}],"version-history":[{"count":1,"href":"https:\/\/www.lerins-boat.fr\/en\/wp-json\/wp\/v2\/pages\/9722\/revisions"}],"predecessor-version":[{"id":9723,"href":"https:\/\/www.lerins-boat.fr\/en\/wp-json\/wp\/v2\/pages\/9722\/revisions\/9723"}],"up":[{"embeddable":true,"href":"https:\/\/www.lerins-boat.fr\/en\/wp-json\/wp\/v2\/pages\/9711"}],"wp:attachment":[{"href":"https:\/\/www.lerins-boat.fr\/en\/wp-json\/wp\/v2\/media?parent=9722"}],"curies":[{"name":"wp","href":"https:\/\/api.w.org\/{rel}","templated":true}]}}